{"id":5505,"date":"2025-02-05T20:50:18","date_gmt":"2025-02-05T20:50:18","guid":{"rendered":"https:\/\/electronicacasio.com.ec\/?post_type=product&#038;p=5505"},"modified":"2025-02-06T00:04:55","modified_gmt":"2025-02-06T00:04:55","slug":"indicador-de-pesaje-k7-wifi","status":"publish","type":"product","link":"https:\/\/electronicacasio.com.ec\/?product=indicador-de-pesaje-k7-wifi","title":{"rendered":"INDICADOR DE PESAJE K7 WIFI"},"content":{"rendered":"<p>Carcasa de acero inoxidable<br \/>\nSoporte de acero inoxidable<br \/>\nGran pantalla LCD FSTN retroiluminada<br \/>\nPERMITE LEER EL PESO incluso al sol<br \/>\nBater\u00eda recargable de 6V2.8Ah<br \/>\nPESAJE EN kg \/ lb, g \/ oz<br \/>\nVisualizaci\u00f3n de fecha y reloj en tiempo real<br \/>\nControl de peso con tres luces LED<br \/>\nFunci\u00f3n de pesaje de animales, acumulaci\u00f3n, retenci\u00f3n<br \/>\nx10 precisi\u00f3n, conteo, tara cero, impresi\u00f3n, etc.<br \/>\nPor defecto con 2 interfaces RS232 PARA PC<br \/>\nSalida continua, impresa o Modbus<br \/>\nINCLUYE CONEXI\u00d3N WIFI Y RJ45 LAN<\/p>\n","protected":false},"excerpt":{"rendered":"<p>Carcasa de acero inoxidable Soporte de acero inoxidable Gran pantalla LCD FSTN retroiluminada PERMITE LEER EL PESO incluso al sol Bater\u00eda recargable de 6V2.8Ah PESAJE EN kg \/ lb, g \/ oz Visualizaci\u00f3n de fecha y reloj en tiempo real Control de peso con tres luces LED Funci\u00f3n de pesaje de animales, acumulaci\u00f3n, retenci\u00f3n x10 [&hellip;]<\/p>\n","protected":false},"featured_media":5486,"comment_status":"open","ping_status":"closed","template":"","meta":[],"product_brand":[],"product_cat":[65],"product_tag":[],"class_list":{"0":"post-5505","1":"product","2":"type-product","3":"status-publish","4":"has-post-thumbnail","6":"product_cat-indicadores-de-peso","8":"first","9":"instock","10":"shipping-taxable","11":"product-type-simple"},"_links":{"self":[{"href":"https:\/\/electronicacasio.com.ec\/index.php?rest_route=\/wp\/v2\/product\/5505","targetHints":{"allow":["GET"]}}],"collection":[{"href":"https:\/\/electronicacasio.com.ec\/index.php?rest_route=\/wp\/v2\/product"}],"about":[{"href":"https:\/\/electronicacasio.com.ec\/index.php?rest_route=\/wp\/v2\/types\/product"}],"replies":[{"embeddable":true,"href":"https:\/\/electronicacasio.com.ec\/index.php?rest_route=%2Fwp%2Fv2%2Fcomments&post=5505"}],"version-history":[{"count":1,"href":"https:\/\/electronicacasio.com.ec\/index.php?rest_route=\/wp\/v2\/product\/5505\/revisions"}],"predecessor-version":[{"id":5506,"href":"https:\/\/electronicacasio.com.ec\/index.php?rest_route=\/wp\/v2\/product\/5505\/revisions\/5506"}],"wp:featuredmedia":[{"embeddable":true,"href":"https:\/\/electronicacasio.com.ec\/index.php?rest_route=\/wp\/v2\/media\/5486"}],"wp:attachment":[{"href":"https:\/\/electronicacasio.com.ec\/index.php?rest_route=%2Fwp%2Fv2%2Fmedia&parent=5505"}],"wp:term":[{"taxonomy":"product_brand","embeddable":true,"href":"https:\/\/electronicacasio.com.ec\/index.php?rest_route=%2Fwp%2Fv2%2Fproduct_brand&post=5505"},{"taxonomy":"product_cat","embeddable":true,"href":"https:\/\/electronicacasio.com.ec\/index.php?rest_route=%2Fwp%2Fv2%2Fproduct_cat&post=5505"},{"taxonomy":"product_tag","embeddable":true,"href":"https:\/\/electronicacasio.com.ec\/index.php?rest_route=%2Fwp%2Fv2%2Fproduct_tag&post=5505"}],"curies":[{"name":"wp","href":"https:\/\/api.w.org\/{rel}","templated":true}]}}