{"id":5503,"date":"2025-02-05T20:49:08","date_gmt":"2025-02-05T20:49:08","guid":{"rendered":"https:\/\/electronicacasio.com.ec\/?post_type=product&#038;p=5503"},"modified":"2025-02-05T20:49:08","modified_gmt":"2025-02-05T20:49:08","slug":"balanza-de-mesa-wps","status":"publish","type":"product","link":"https:\/\/electronicacasio.com.ec\/?product=balanza-de-mesa-wps","title":{"rendered":"BALANZA DE MESA WPS"},"content":{"rendered":"<p>TARJETA ELECTRONICA ENCAPSULADA<br \/>\nPlaca base completamente sellada con dise\u00f1o de lavado,<br \/>\nUso perfecto para carnes, alimentos, verduras, pesas, conteo, etc.<br \/>\nDoble pantalla LED.<br \/>\nBater\u00eda recargable de 6V5Ah.<br \/>\nCERTIFICADO IP68.<br \/>\nPESA EN KG Y LB<br \/>\nFunci\u00f3n de conteo.<\/p>\n","protected":false},"excerpt":{"rendered":"<p>TARJETA ELECTRONICA ENCAPSULADA Placa base completamente sellada con dise\u00f1o de lavado, Uso perfecto para carnes, alimentos, verduras, pesas, conteo, etc. Doble pantalla LED. Bater\u00eda recargable de 6V5Ah. CERTIFICADO IP68. PESA EN KG Y LB Funci\u00f3n de conteo.<\/p>\n","protected":false},"featured_media":5485,"comment_status":"open","ping_status":"closed","template":"","meta":[],"product_brand":[],"product_cat":[57],"product_tag":[],"class_list":{"0":"post-5503","1":"product","2":"type-product","3":"status-publish","4":"has-post-thumbnail","6":"product_cat-balanzas-de-mesa","8":"first","9":"instock","10":"shipping-taxable","11":"product-type-simple"},"_links":{"self":[{"href":"https:\/\/electronicacasio.com.ec\/index.php?rest_route=\/wp\/v2\/product\/5503","targetHints":{"allow":["GET"]}}],"collection":[{"href":"https:\/\/electronicacasio.com.ec\/index.php?rest_route=\/wp\/v2\/product"}],"about":[{"href":"https:\/\/electronicacasio.com.ec\/index.php?rest_route=\/wp\/v2\/types\/product"}],"replies":[{"embeddable":true,"href":"https:\/\/electronicacasio.com.ec\/index.php?rest_route=%2Fwp%2Fv2%2Fcomments&post=5503"}],"version-history":[{"count":1,"href":"https:\/\/electronicacasio.com.ec\/index.php?rest_route=\/wp\/v2\/product\/5503\/revisions"}],"predecessor-version":[{"id":5504,"href":"https:\/\/electronicacasio.com.ec\/index.php?rest_route=\/wp\/v2\/product\/5503\/revisions\/5504"}],"wp:featuredmedia":[{"embeddable":true,"href":"https:\/\/electronicacasio.com.ec\/index.php?rest_route=\/wp\/v2\/media\/5485"}],"wp:attachment":[{"href":"https:\/\/electronicacasio.com.ec\/index.php?rest_route=%2Fwp%2Fv2%2Fmedia&parent=5503"}],"wp:term":[{"taxonomy":"product_brand","embeddable":true,"href":"https:\/\/electronicacasio.com.ec\/index.php?rest_route=%2Fwp%2Fv2%2Fproduct_brand&post=5503"},{"taxonomy":"product_cat","embeddable":true,"href":"https:\/\/electronicacasio.com.ec\/index.php?rest_route=%2Fwp%2Fv2%2Fproduct_cat&post=5503"},{"taxonomy":"product_tag","embeddable":true,"href":"https:\/\/electronicacasio.com.ec\/index.php?rest_route=%2Fwp%2Fv2%2Fproduct_tag&post=5503"}],"curies":[{"name":"wp","href":"https:\/\/api.w.org\/{rel}","templated":true}]}}