{"id":5498,"date":"2025-02-05T20:47:00","date_gmt":"2025-02-05T20:47:00","guid":{"rendered":"https:\/\/electronicacasio.com.ec\/?post_type=product&#038;p=5498"},"modified":"2025-02-05T21:20:31","modified_gmt":"2025-02-05T21:20:31","slug":"balanza-gramera-da","status":"publish","type":"product","link":"https:\/\/electronicacasio.com.ec\/?product=balanza-gramera-da","title":{"rendered":"BALANZA GRAMERA DA"},"content":{"rendered":"<p>Modelos disponibles 5000gr y 600gr<br \/>\nSensibilidad de 0.1g y 0.01g<br \/>\nBater\u00eda recargable de 6V2.8Ah<br \/>\nPantalla LCD brillante con luz de fondo<br \/>\nVelocidad de respuesta ajustable<br \/>\nFunci\u00f3n de conteo<br \/>\nPesa en kg, lb, g, oz<br \/>\nInterfaz RS232 para conexi\u00f3n a pc<\/p>\n","protected":false},"excerpt":{"rendered":"<p>Modelos disponibles 5000gr y 600gr Sensibilidad de 0.1g y 0.01g Bater\u00eda recargable de 6V2.8Ah Pantalla LCD brillante con luz de fondo Velocidad de respuesta ajustable Funci\u00f3n de conteo Pesa en kg, lb, g, oz Interfaz RS232 para conexi\u00f3n a pc<\/p>\n","protected":false},"featured_media":5483,"comment_status":"open","ping_status":"closed","template":"","meta":[],"product_brand":[],"product_cat":[59],"product_tag":[],"class_list":{"0":"post-5498","1":"product","2":"type-product","3":"status-publish","4":"has-post-thumbnail","6":"product_cat-balanzas-grameras","8":"first","9":"instock","10":"shipping-taxable","11":"product-type-simple"},"_links":{"self":[{"href":"https:\/\/electronicacasio.com.ec\/index.php?rest_route=\/wp\/v2\/product\/5498","targetHints":{"allow":["GET"]}}],"collection":[{"href":"https:\/\/electronicacasio.com.ec\/index.php?rest_route=\/wp\/v2\/product"}],"about":[{"href":"https:\/\/electronicacasio.com.ec\/index.php?rest_route=\/wp\/v2\/types\/product"}],"replies":[{"embeddable":true,"href":"https:\/\/electronicacasio.com.ec\/index.php?rest_route=%2Fwp%2Fv2%2Fcomments&post=5498"}],"version-history":[{"count":1,"href":"https:\/\/electronicacasio.com.ec\/index.php?rest_route=\/wp\/v2\/product\/5498\/revisions"}],"predecessor-version":[{"id":5499,"href":"https:\/\/electronicacasio.com.ec\/index.php?rest_route=\/wp\/v2\/product\/5498\/revisions\/5499"}],"wp:featuredmedia":[{"embeddable":true,"href":"https:\/\/electronicacasio.com.ec\/index.php?rest_route=\/wp\/v2\/media\/5483"}],"wp:attachment":[{"href":"https:\/\/electronicacasio.com.ec\/index.php?rest_route=%2Fwp%2Fv2%2Fmedia&parent=5498"}],"wp:term":[{"taxonomy":"product_brand","embeddable":true,"href":"https:\/\/electronicacasio.com.ec\/index.php?rest_route=%2Fwp%2Fv2%2Fproduct_brand&post=5498"},{"taxonomy":"product_cat","embeddable":true,"href":"https:\/\/electronicacasio.com.ec\/index.php?rest_route=%2Fwp%2Fv2%2Fproduct_cat&post=5498"},{"taxonomy":"product_tag","embeddable":true,"href":"https:\/\/electronicacasio.com.ec\/index.php?rest_route=%2Fwp%2Fv2%2Fproduct_tag&post=5498"}],"curies":[{"name":"wp","href":"https:\/\/api.w.org\/{rel}","templated":true}]}}