{"id":133,"date":"2022-04-06T04:08:24","date_gmt":"2022-04-06T04:08:24","guid":{"rendered":"http:\/\/sw-themes.com\/porto_dummy\/?page_id=133"},"modified":"2025-01-31T17:19:06","modified_gmt":"2025-01-31T17:19:06","slug":"about","status":"publish","type":"page","link":"https:\/\/electronicacasio.com.ec\/?page_id=133","title":{"rendered":"Nosotros"},"content":{"rendered":"\t\t<div data-elementor-type=\"wp-page\" data-elementor-id=\"133\" class=\"elementor elementor-133\">\n\t\t\t\t\t\t<div class=\"elementor-section elementor-top-section elementor-element elementor-element-ef5b6ef elementor-section-boxed elementor-section-height-default elementor-section-height-default\" data-id=\"ef5b6ef\" data-element_type=\"section\">\r\n\t\t\r\n\t\t\t\t\t\t\t<div class=\"elementor-container elementor-column-gap-default\">\r\n\t\t\t\t\t\t\t\t\t\t\t<div class=\"elementor-column elementor-col-100 elementor-top-column elementor-element elementor-element-6f1b512\" data-id=\"6f1b512\" data-element_type=\"column\">\r\n\t\t\t\t\t<div class=\"elementor-widget-wrap elementor-element-populated\">\r\n\t\t\t\t\t\t\t\t<div class=\"elementor-element elementor-element-ec44c4b elementor-widget elementor-widget-heading\" data-id=\"ec44c4b\" data-element_type=\"widget\" data-widget_type=\"heading.default\">\n\t\t\t\t<div class=\"elementor-widget-container\">\n\t\t\t\t\t<p class=\"elementor-heading-title elementor-size-default\">En Electr\u00f3nica Casio, nos dedicamos a ofrecer tecnolog\u00eda innovadora y productos electr\u00f3nicos de alta calidad. Desde nuestros inicios, hemos trabajado con el objetivo de proporcionar soluciones que mejoren la vida diaria de nuestros clientes.<\/p>\t\t\t\t<\/div>\n\t\t\t\t<\/div>\n\t\t\t\t<div class=\"elementor-element elementor-element-927c7cf elementor-widget elementor-widget-heading\" data-id=\"927c7cf\" data-element_type=\"widget\" data-widget_type=\"heading.default\">\n\t\t\t\t<div class=\"elementor-widget-container\">\n\t\t\t\t\t<p class=\"elementor-heading-title elementor-size-default\">Contamos con una amplia gama de productos de pesaje para todas las necesidades de la industria y el sector\u00a0productivo. Creemos en la precisi\u00f3n, la durabilidad y el dise\u00f1o funcional como pilares de lo que hacemos.<\/p>\t\t\t\t<\/div>\n\t\t\t\t<\/div>\n\t\t\t\t\t<\/div>\r\n\t\t\t\t<\/div>\r\n\t\t\t\t\t<\/div>\r\n\t\t\t\t<\/div>\r\n\t\t\t\t<div class=\"elementor-section elementor-top-section elementor-element elementor-element-ed604c0 elementor-section-boxed elementor-section-height-default elementor-section-height-default\" data-id=\"ed604c0\" data-element_type=\"section\">\r\n\t\t\r\n\t\t\t\t\t\t\t<div class=\"elementor-container elementor-column-gap-default\">\r\n\t\t\t\t\t\t\t\t\t\t\t<div class=\"elementor-column elementor-col-50 elementor-top-column elementor-element elementor-element-300a5fd\" data-id=\"300a5fd\" data-element_type=\"column\">\r\n\t\t\t\t\t<div class=\"elementor-widget-wrap elementor-element-populated\">\r\n\t\t\t\t\t\t\t\t<div class=\"elementor-element elementor-element-374676a ms-auto elementor-widget__width-initial elementor-widget-mobile__width-inherit elementor-widget elementor-widget-porto_image_gallery\" data-id=\"374676a\" data-element_type=\"widget\" data-settings=\"{&quot;view&quot;:&quot;slider&quot;,&quot;spacing&quot;:{&quot;unit&quot;:&quot;px&quot;,&quot;size&quot;:10,&quot;sizes&quot;:[]}}\" data-widget_type=\"porto_image_gallery.default\">\n\t\t\t\t<div class=\"elementor-widget-container\">\n\t\t\t\t\t<div class=\"porto-gallery has-ccols ccols-1 has-ccols-spacing porto-carousel owl-carousel align-items-start\" data-plugin-options=\"{&quot;autoplay&quot;:true,&quot;autoplayHoverPause&quot;:true,&quot;autoplayTimeout&quot;:4000,&quot;items&quot;:1,&quot;xl&quot;:1,&quot;lg&quot;:1,&quot;md&quot;:1,&quot;sm&quot;:1,&quot;xs&quot;:1,&quot;nav&quot;:&quot;&quot;,&quot;dots&quot;:&quot;&quot;,&quot;margin&quot;:10}\"><figure><img fetchpriority=\"high\" decoding=\"async\" width=\"2560\" height=\"1439\" src=\"https:\/\/electronicacasio.com.ec\/wp-content\/uploads\/2025\/01\/DSC07737-scaled.jpg\" class=\"attachment-full size-full\" alt=\"\" srcset=\"https:\/\/electronicacasio.com.ec\/wp-content\/uploads\/2025\/01\/DSC07737-scaled.jpg 2560w, https:\/\/electronicacasio.com.ec\/wp-content\/uploads\/2025\/01\/DSC07737-1024x576.jpg 1024w, https:\/\/electronicacasio.com.ec\/wp-content\/uploads\/2025\/01\/DSC07737-768x432.jpg 768w, https:\/\/electronicacasio.com.ec\/wp-content\/uploads\/2025\/01\/DSC07737-1536x864.jpg 1536w, https:\/\/electronicacasio.com.ec\/wp-content\/uploads\/2025\/01\/DSC07737-2048x1152.jpg 2048w, https:\/\/electronicacasio.com.ec\/wp-content\/uploads\/2025\/01\/DSC07737-640x360.jpg 640w, https:\/\/electronicacasio.com.ec\/wp-content\/uploads\/2025\/01\/DSC07737-400x225.jpg 400w, https:\/\/electronicacasio.com.ec\/wp-content\/uploads\/2025\/01\/DSC07737-367x206.jpg 367w, https:\/\/electronicacasio.com.ec\/wp-content\/uploads\/2025\/01\/DSC07737-600x337.jpg 600w\" sizes=\"(max-width: 2560px) 100vw, 2560px\" \/><\/figure><figure><img decoding=\"async\" width=\"2560\" height=\"1439\" src=\"https:\/\/electronicacasio.com.ec\/wp-content\/uploads\/2025\/01\/DSC07757-scaled.jpg\" class=\"attachment-full size-full\" alt=\"\" srcset=\"https:\/\/electronicacasio.com.ec\/wp-content\/uploads\/2025\/01\/DSC07757-scaled.jpg 2560w, https:\/\/electronicacasio.com.ec\/wp-content\/uploads\/2025\/01\/DSC07757-1024x576.jpg 1024w, https:\/\/electronicacasio.com.ec\/wp-content\/uploads\/2025\/01\/DSC07757-768x432.jpg 768w, https:\/\/electronicacasio.com.ec\/wp-content\/uploads\/2025\/01\/DSC07757-1536x864.jpg 1536w, https:\/\/electronicacasio.com.ec\/wp-content\/uploads\/2025\/01\/DSC07757-2048x1152.jpg 2048w, https:\/\/electronicacasio.com.ec\/wp-content\/uploads\/2025\/01\/DSC07757-640x360.jpg 640w, https:\/\/electronicacasio.com.ec\/wp-content\/uploads\/2025\/01\/DSC07757-400x225.jpg 400w, https:\/\/electronicacasio.com.ec\/wp-content\/uploads\/2025\/01\/DSC07757-367x206.jpg 367w, https:\/\/electronicacasio.com.ec\/wp-content\/uploads\/2025\/01\/DSC07757-600x337.jpg 600w\" sizes=\"(max-width: 2560px) 100vw, 2560px\" \/><\/figure><\/div>\t\t\t\t<\/div>\n\t\t\t\t<\/div>\n\t\t\t\t\t<\/div>\r\n\t\t\t\t<\/div>\r\n\t\t\t\t<div class=\"elementor-column elementor-col-50 elementor-top-column elementor-element elementor-element-791b454\" data-id=\"791b454\" data-element_type=\"column\">\r\n\t\t\t\t\t<div class=\"elementor-widget-wrap elementor-element-populated\">\r\n\t\t\t\t\t\t\t\t<div class=\"elementor-element elementor-element-b325059 elementor-widget__width-initial elementor-widget-mobile__width-inherit elementor-widget elementor-widget-porto_image_gallery\" data-id=\"b325059\" data-element_type=\"widget\" data-settings=\"{&quot;view&quot;:&quot;slider&quot;,&quot;spacing&quot;:{&quot;unit&quot;:&quot;px&quot;,&quot;size&quot;:10,&quot;sizes&quot;:[]}}\" data-widget_type=\"porto_image_gallery.default\">\n\t\t\t\t<div class=\"elementor-widget-container\">\n\t\t\t\t\t<div class=\"porto-gallery has-ccols ccols-1 has-ccols-spacing porto-carousel owl-carousel align-items-start\" data-plugin-options=\"{&quot;autoplay&quot;:true,&quot;autoplayHoverPause&quot;:true,&quot;autoplayTimeout&quot;:4000,&quot;items&quot;:1,&quot;xl&quot;:1,&quot;lg&quot;:1,&quot;md&quot;:1,&quot;sm&quot;:1,&quot;xs&quot;:1,&quot;nav&quot;:&quot;&quot;,&quot;dots&quot;:&quot;&quot;,&quot;margin&quot;:10}\"><figure><img decoding=\"async\" width=\"2000\" height=\"1125\" src=\"https:\/\/electronicacasio.com.ec\/wp-content\/uploads\/2025\/01\/DSC08024.jpg\" class=\"attachment-full size-full\" alt=\"\" srcset=\"https:\/\/electronicacasio.com.ec\/wp-content\/uploads\/2025\/01\/DSC08024.jpg 2000w, https:\/\/electronicacasio.com.ec\/wp-content\/uploads\/2025\/01\/DSC08024-1024x576.jpg 1024w, https:\/\/electronicacasio.com.ec\/wp-content\/uploads\/2025\/01\/DSC08024-768x432.jpg 768w, https:\/\/electronicacasio.com.ec\/wp-content\/uploads\/2025\/01\/DSC08024-1536x864.jpg 1536w, https:\/\/electronicacasio.com.ec\/wp-content\/uploads\/2025\/01\/DSC08024-640x360.jpg 640w, https:\/\/electronicacasio.com.ec\/wp-content\/uploads\/2025\/01\/DSC08024-400x225.jpg 400w, https:\/\/electronicacasio.com.ec\/wp-content\/uploads\/2025\/01\/DSC08024-367x206.jpg 367w, https:\/\/electronicacasio.com.ec\/wp-content\/uploads\/2025\/01\/DSC08024-600x338.jpg 600w\" sizes=\"(max-width: 2000px) 100vw, 2000px\" \/><\/figure><figure><img loading=\"lazy\" decoding=\"async\" width=\"2000\" height=\"1125\" src=\"https:\/\/electronicacasio.com.ec\/wp-content\/uploads\/2025\/01\/DSC07913.jpg\" class=\"attachment-full size-full\" alt=\"\" srcset=\"https:\/\/electronicacasio.com.ec\/wp-content\/uploads\/2025\/01\/DSC07913.jpg 2000w, https:\/\/electronicacasio.com.ec\/wp-content\/uploads\/2025\/01\/DSC07913-1024x576.jpg 1024w, https:\/\/electronicacasio.com.ec\/wp-content\/uploads\/2025\/01\/DSC07913-768x432.jpg 768w, https:\/\/electronicacasio.com.ec\/wp-content\/uploads\/2025\/01\/DSC07913-1536x864.jpg 1536w, https:\/\/electronicacasio.com.ec\/wp-content\/uploads\/2025\/01\/DSC07913-640x360.jpg 640w, https:\/\/electronicacasio.com.ec\/wp-content\/uploads\/2025\/01\/DSC07913-400x225.jpg 400w, https:\/\/electronicacasio.com.ec\/wp-content\/uploads\/2025\/01\/DSC07913-367x206.jpg 367w, https:\/\/electronicacasio.com.ec\/wp-content\/uploads\/2025\/01\/DSC07913-600x338.jpg 600w\" sizes=\"(max-width: 2000px) 100vw, 2000px\" \/><\/figure><figure><img loading=\"lazy\" decoding=\"async\" width=\"2000\" height=\"1125\" src=\"https:\/\/electronicacasio.com.ec\/wp-content\/uploads\/2025\/01\/DSC08029.jpg\" class=\"attachment-full size-full\" alt=\"\" srcset=\"https:\/\/electronicacasio.com.ec\/wp-content\/uploads\/2025\/01\/DSC08029.jpg 2000w, https:\/\/electronicacasio.com.ec\/wp-content\/uploads\/2025\/01\/DSC08029-1024x576.jpg 1024w, https:\/\/electronicacasio.com.ec\/wp-content\/uploads\/2025\/01\/DSC08029-768x432.jpg 768w, https:\/\/electronicacasio.com.ec\/wp-content\/uploads\/2025\/01\/DSC08029-1536x864.jpg 1536w, https:\/\/electronicacasio.com.ec\/wp-content\/uploads\/2025\/01\/DSC08029-640x360.jpg 640w, https:\/\/electronicacasio.com.ec\/wp-content\/uploads\/2025\/01\/DSC08029-400x225.jpg 400w, https:\/\/electronicacasio.com.ec\/wp-content\/uploads\/2025\/01\/DSC08029-367x206.jpg 367w, https:\/\/electronicacasio.com.ec\/wp-content\/uploads\/2025\/01\/DSC08029-600x338.jpg 600w\" sizes=\"(max-width: 2000px) 100vw, 2000px\" \/><\/figure><\/div>\t\t\t\t<\/div>\n\t\t\t\t<\/div>\n\t\t\t\t\t<\/div>\r\n\t\t\t\t<\/div>\r\n\t\t\t\t\t<\/div>\r\n\t\t\t\t<\/div>\r\n\t\t\t\t<section class=\"elementor-section elementor-top-section elementor-element elementor-element-8871b7b elementor-section-boxed elementor-section-height-default elementor-section-height-default\" data-id=\"8871b7b\" data-element_type=\"section\">\r\n\t\t\r\n\t\t\t\t\t\t\t<div class=\"elementor-container elementor-column-gap-default\">\r\n\t\t\t\t\t\t\t\t\t\t\t<div class=\"elementor-column elementor-col-100 elementor-top-column elementor-element elementor-element-0e1ec93\" data-id=\"0e1ec93\" data-element_type=\"column\">\r\n\t\t\t\t\t<div class=\"elementor-widget-wrap elementor-element-populated\">\r\n\t\t\t\t\t\t\t\t<div class=\"elementor-element elementor-element-0172f02 elementor-widget elementor-widget-heading\" data-id=\"0172f02\" data-element_type=\"widget\" data-widget_type=\"heading.default\">\n\t\t\t\t<div class=\"elementor-widget-container\">\n\t\t\t\t\t<p class=\"elementor-heading-title elementor-size-default\">Trabajamos d\u00eda a d\u00eda para asegurarnos de que cada cliente reciba lo mejor en tecnolog\u00eda, respaldado por un servicio excepcional y soporte especializado.<\/p>\t\t\t\t<\/div>\n\t\t\t\t<\/div>\n\t\t\t\t\t<\/div>\r\n\t\t\t\t<\/div>\r\n\t\t\t\t\t<\/div>\r\n\t\t\t\t<\/section>\r\n\t\t\t\t<\/div>\n\t\t","protected":false},"excerpt":{"rendered":"<p>En Electr\u00f3nica Casio, nos dedicamos a ofrecer tecnolog\u00eda innovadora y productos electr\u00f3nicos de alta calidad. Desde nuestros inicios, hemos trabajado con el objetivo de proporcionar soluciones que mejoren la vida diaria de nuestros clientes. Contamos con una amplia gama de productos de pesaje para todas las necesidades de la industria y el sector\u00a0productivo. Creemos en [&hellip;]<\/p>\n","protected":false},"author":1,"featured_media":0,"parent":0,"menu_order":0,"comment_status":"closed","ping_status":"closed","template":"","meta":{"footnotes":""},"class_list":["post-133","page","type-page","status-publish","hentry"],"_links":{"self":[{"href":"https:\/\/electronicacasio.com.ec\/index.php?rest_route=\/wp\/v2\/pages\/133","targetHints":{"allow":["GET"]}}],"collection":[{"href":"https:\/\/electronicacasio.com.ec\/index.php?rest_route=\/wp\/v2\/pages"}],"about":[{"href":"https:\/\/electronicacasio.com.ec\/index.php?rest_route=\/wp\/v2\/types\/page"}],"author":[{"embeddable":true,"href":"https:\/\/electronicacasio.com.ec\/index.php?rest_route=\/wp\/v2\/users\/1"}],"replies":[{"embeddable":true,"href":"https:\/\/electronicacasio.com.ec\/index.php?rest_route=%2Fwp%2Fv2%2Fcomments&post=133"}],"version-history":[{"count":25,"href":"https:\/\/electronicacasio.com.ec\/index.php?rest_route=\/wp\/v2\/pages\/133\/revisions"}],"predecessor-version":[{"id":5431,"href":"https:\/\/electronicacasio.com.ec\/index.php?rest_route=\/wp\/v2\/pages\/133\/revisions\/5431"}],"wp:attachment":[{"href":"https:\/\/electronicacasio.com.ec\/index.php?rest_route=%2Fwp%2Fv2%2Fmedia&parent=133"}],"curies":[{"name":"wp","href":"https:\/\/api.w.org\/{rel}","templated":true}]}}